{"id":6,"date":"2021-01-13T18:17:55","date_gmt":"2021-01-13T18:17:55","guid":{"rendered":"https:\/\/sistemasgcontrols.com\/sgcllc\/?page_id=6"},"modified":"2021-03-05T19:59:02","modified_gmt":"2021-03-05T19:59:02","slug":"about","status":"publish","type":"page","link":"https:\/\/sistemasgcontrols.com\/sgcllc\/es\/about\/","title":{"rendered":"Nosotros"},"content":{"rendered":"<p>G Controls ofrece sus servicios a diferentes industrias en Venezuela, Trinidad y Tobago, Curazao, Aruba y el Caribe, con los m\u00e1s altos est\u00e1ndares de seguridad, log\u00edstica, calidad y productividad. Logrando el mejor desempe\u00f1o para satisfacer las necesidades de nuestros clientes y garantizar un personal especializado.<\/p>\n\n\n\n<p>Nuestra visi\u00f3n es ser una fuente innovadora en analizadores, instrumentaci\u00f3n y procesos - venta de repuestos, capacitaci\u00f3n, mantenimiento y servicio - teniendo como prioridad la calidad, excelencia y productividad para proyectarnos internacionalmente<\/p>","protected":false},"excerpt":{"rendered":"<p>G Controls offers its services to different industries in Venezuela, Trinidad and Tobago, Curazao, Aruba and the Caribbean, with the<\/p>\n<p><a href=\"https:\/\/sistemasgcontrols.com\/sgcllc\/es\/about\/\" class=\"more-link\">Continue reading<span class=\"screen-reader-text\">Nosotros<\/span><\/a><\/p>","protected":false},"author":1,"featured_media":0,"parent":0,"menu_order":0,"comment_status":"closed","ping_status":"closed","template":"","meta":{"nf_dc_page":"","om_disable_all_campaigns":false,"_monsterinsights_skip_tracking":false,"_monsterinsights_sitenote_active":false,"_monsterinsights_sitenote_note":"","_monsterinsights_sitenote_category":0,"footnotes":""},"class_list":["post-6","page","type-page","status-publish","hentry"],"jetpack_sharing_enabled":true,"_links":{"self":[{"href":"https:\/\/sistemasgcontrols.com\/sgcllc\/es\/wp-json\/wp\/v2\/pages\/6","targetHints":{"allow":["GET"]}}],"collection":[{"href":"https:\/\/sistemasgcontrols.com\/sgcllc\/es\/wp-json\/wp\/v2\/pages"}],"about":[{"href":"https:\/\/sistemasgcontrols.com\/sgcllc\/es\/wp-json\/wp\/v2\/types\/page"}],"author":[{"embeddable":true,"href":"https:\/\/sistemasgcontrols.com\/sgcllc\/es\/wp-json\/wp\/v2\/users\/1"}],"replies":[{"embeddable":true,"href":"https:\/\/sistemasgcontrols.com\/sgcllc\/es\/wp-json\/wp\/v2\/comments?post=6"}],"version-history":[{"count":5,"href":"https:\/\/sistemasgcontrols.com\/sgcllc\/es\/wp-json\/wp\/v2\/pages\/6\/revisions"}],"predecessor-version":[{"id":77,"href":"https:\/\/sistemasgcontrols.com\/sgcllc\/es\/wp-json\/wp\/v2\/pages\/6\/revisions\/77"}],"wp:attachment":[{"href":"https:\/\/sistemasgcontrols.com\/sgcllc\/es\/wp-json\/wp\/v2\/media?parent=6"}],"curies":[{"name":"wp","href":"https:\/\/api.w.org\/{rel}","templated":true}]}}