{"id":28,"date":"2021-01-13T18:25:09","date_gmt":"2021-01-13T18:25:09","guid":{"rendered":"https:\/\/sistemasgcontrols.com\/sgcllc\/?page_id=28"},"modified":"2021-09-10T18:44:43","modified_gmt":"2021-09-10T18:44:43","slug":"home","status":"publish","type":"page","link":"https:\/\/sistemasgcontrols.com\/sgcllc\/es\/","title":{"rendered":"Inicio"},"content":{"rendered":"<p>En Sistemas G Controls representamos empresas de alta tecnolog\u00eda en instrumentaci\u00f3n y analizadores de proceso utilizados en producci\u00f3n y refinaci\u00f3n de petr\u00f3leo y gas. Ofrecemos ventas, servicio, entrenamiento, consultor\u00eda, puesta en marcha y suministro de repuestos de nuestras <a href=\"https:\/\/sistemasgcontrols.com\/sgcllc\/partners\/\"><strong>empresas representadas.<\/strong><\/a>.<\/p>\n\n\n\n<div class=\"wp-block-columns is-layout-flex wp-container-core-columns-is-layout-9d6595d7 wp-block-columns-is-layout-flex\">\n<div class=\"wp-block-column is-layout-flow wp-block-column-is-layout-flow\">\n<figure id=\"presentation\" class=\"wp-block-video\"><video height=\"1080\" style=\"aspect-ratio: 1920 \/ 1080;\" width=\"1920\" autoplay loop muted src=\"https:\/\/sistemasgcontrols.com\/sgcllc\/wp-content\/uploads\/2021\/09\/GCONTROLS-presentation-NS2.mp4\" playsinline><\/video><\/figure>\n<\/div>\n<\/div>\n\n\n\n<p>Tenemos diversas soluciones en an\u00e1lisis de procesos, seguridad y control. Ofrecemos analizadores e instrumentaci\u00f3n para distintas \u00e1reas, como son: Unidades Recuperadoras de Azufre, medici\u00f3n de ox\u00edgeno para control de combusti\u00f3n, humedad en gas natural para calidad y transferencia de custodio, punto de roc\u00edo\/densidad en oleoductos y gasoductos, hidr\u00f3geno en procesos, gases de calibraci\u00f3n para laboratorio y analizadores de proceso, sistemas de seguridad de fuga de gases y analizadores de emisi\u00f3n y monitoreo ambiental en chimeneas y mechurrios de refiner\u00edas. <\/p>\n\n\n\n<div class=\"wp-block-columns is-layout-flex wp-container-core-columns-is-layout-9d6595d7 wp-block-columns-is-layout-flex\">\n<div class=\"wp-block-column is-layout-flow wp-block-column-is-layout-flow\">\n<div class=\"wp-block-cover has-background-dim\" style=\"background-color:#ff6900\"><img data-recalc-dims=\"1\" loading=\"lazy\" decoding=\"async\" width=\"840\" height=\"579\" class=\"wp-block-cover__image-background wp-image-209\" alt=\"\" src=\"https:\/\/i0.wp.com\/sistemasgcontrols.com\/sgcllc\/wp-content\/uploads\/2021\/03\/sulfur.jpg?resize=840%2C579&#038;ssl=1\" style=\"object-position:100% 58%\" data-object-fit=\"cover\" data-object-position=\"100% 58%\" srcset=\"https:\/\/i0.wp.com\/sistemasgcontrols.com\/sgcllc\/wp-content\/uploads\/2021\/03\/sulfur.jpg?w=840&amp;ssl=1 840w, https:\/\/i0.wp.com\/sistemasgcontrols.com\/sgcllc\/wp-content\/uploads\/2021\/03\/sulfur.jpg?resize=300%2C207&amp;ssl=1 300w, https:\/\/i0.wp.com\/sistemasgcontrols.com\/sgcllc\/wp-content\/uploads\/2021\/03\/sulfur.jpg?resize=768%2C529&amp;ssl=1 768w, https:\/\/i0.wp.com\/sistemasgcontrols.com\/sgcllc\/wp-content\/uploads\/2021\/03\/sulfur.jpg?resize=16%2C12&amp;ssl=1 16w\" sizes=\"auto, (max-width: 840px) 100vw, 840px\" \/><div class=\"wp-block-cover__inner-container is-layout-flow wp-block-cover-is-layout-flow\">\n<p class=\"has-text-align-center has-white-color has-text-color\" style=\"font-size:24px\"><a href=\"https:\/\/sistemasgcontrols.com\/sgcllc\/solutions\/#sru\" data-type=\"page\"><span class=\"has-inline-color has-white-color\">Unidades de Recuperaci\u00f3n de Azufre<\/span><\/a><\/p>\n<\/div><\/div>\n<\/div>\n\n\n\n<div class=\"wp-block-column is-layout-flow wp-block-column-is-layout-flow\">\n<div class=\"wp-block-cover has-background-dim\" style=\"background-color:#ff0000\"><img data-recalc-dims=\"1\" loading=\"lazy\" decoding=\"async\" width=\"880\" height=\"323\" class=\"wp-block-cover__image-background wp-image-13\" alt=\"\" src=\"https:\/\/i0.wp.com\/sistemasgcontrols.com\/sgcllc\/wp-content\/uploads\/2021\/01\/raffinerie.png?resize=880%2C323&#038;ssl=1\" style=\"object-position:52% 59%\" data-object-fit=\"cover\" data-object-position=\"52% 59%\" srcset=\"https:\/\/i0.wp.com\/sistemasgcontrols.com\/sgcllc\/wp-content\/uploads\/2021\/01\/raffinerie.png?w=1000&amp;ssl=1 1000w, https:\/\/i0.wp.com\/sistemasgcontrols.com\/sgcllc\/wp-content\/uploads\/2021\/01\/raffinerie.png?resize=300%2C110&amp;ssl=1 300w, https:\/\/i0.wp.com\/sistemasgcontrols.com\/sgcllc\/wp-content\/uploads\/2021\/01\/raffinerie.png?resize=768%2C282&amp;ssl=1 768w\" sizes=\"auto, (max-width: 880px) 100vw, 880px\" \/><div class=\"wp-block-cover__inner-container is-layout-flow wp-block-cover-is-layout-flow\">\n<p class=\"has-text-align-center\" style=\"font-size:26px\"><a href=\"https:\/\/sistemasgcontrols.com\/sgcllc\/solutions\/#combustion\" data-type=\"page\"><span class=\"has-inline-color has-white-color\">Combusti\u00f3n<\/span><\/a><\/p>\n<\/div><\/div>\n<\/div>\n\n\n\n<div class=\"wp-block-column is-layout-flow wp-block-column-is-layout-flow\">\n<div class=\"wp-block-cover has-background-dim\" style=\"background-color:#2260ff\"><img data-recalc-dims=\"1\" loading=\"lazy\" decoding=\"async\" width=\"700\" height=\"250\" class=\"wp-block-cover__image-background wp-image-102\" alt=\"\" src=\"https:\/\/i0.wp.com\/sistemasgcontrols.com\/sgcllc\/wp-content\/uploads\/2021\/03\/refineriaxbyw.png?resize=700%2C250&#038;ssl=1\" style=\"object-position:73% 38%\" data-object-fit=\"cover\" data-object-position=\"73% 38%\" srcset=\"https:\/\/i0.wp.com\/sistemasgcontrols.com\/sgcllc\/wp-content\/uploads\/2021\/03\/refineriaxbyw.png?w=700&amp;ssl=1 700w, https:\/\/i0.wp.com\/sistemasgcontrols.com\/sgcllc\/wp-content\/uploads\/2021\/03\/refineriaxbyw.png?resize=300%2C107&amp;ssl=1 300w, https:\/\/i0.wp.com\/sistemasgcontrols.com\/sgcllc\/wp-content\/uploads\/2021\/03\/refineriaxbyw.png?resize=16%2C6&amp;ssl=1 16w\" sizes=\"auto, (max-width: 700px) 100vw, 700px\" \/><div class=\"wp-block-cover__inner-container is-layout-flow wp-block-cover-is-layout-flow\">\n<p class=\"has-text-align-center\" style=\"font-size:26px\"><a href=\"https:\/\/sistemasgcontrols.com\/sgcllc\/solutions\/#moisture\" data-type=\"page\"><span class=\"has-inline-color has-white-color\">Humedad<\/span><\/a><\/p>\n<\/div><\/div>\n<\/div>\n\n\n\n<div class=\"wp-block-column is-layout-flow wp-block-column-is-layout-flow\">\n<div class=\"wp-block-cover has-gray-background-color has-background-dim\"><img data-recalc-dims=\"1\" loading=\"lazy\" decoding=\"async\" width=\"400\" height=\"600\" class=\"wp-block-cover__image-background wp-image-216\" alt=\"\" src=\"https:\/\/i0.wp.com\/sistemasgcontrols.com\/sgcllc\/wp-content\/uploads\/2021\/03\/pipelinebyn.jpg?resize=400%2C600&#038;ssl=1\" style=\"object-position:4% 11%\" data-object-fit=\"cover\" data-object-position=\"4% 11%\" srcset=\"https:\/\/i0.wp.com\/sistemasgcontrols.com\/sgcllc\/wp-content\/uploads\/2021\/03\/pipelinebyn.jpg?w=400&amp;ssl=1 400w, https:\/\/i0.wp.com\/sistemasgcontrols.com\/sgcllc\/wp-content\/uploads\/2021\/03\/pipelinebyn.jpg?resize=200%2C300&amp;ssl=1 200w, https:\/\/i0.wp.com\/sistemasgcontrols.com\/sgcllc\/wp-content\/uploads\/2021\/03\/pipelinebyn.jpg?resize=8%2C12&amp;ssl=1 8w\" sizes=\"auto, (max-width: 400px) 100vw, 400px\" \/><div class=\"wp-block-cover__inner-container is-layout-flow wp-block-cover-is-layout-flow\">\n<p class=\"has-text-align-center\" style=\"font-size:26px\"><a href=\"https:\/\/sistemasgcontrols.com\/sgcllc\/solutions\/#pipelines\" data-type=\"page\"><span class=\"has-inline-color has-white-color\">Exploraci\u00f3n y Tuber\u00edas<\/span><\/a><\/p>\n<\/div><\/div>\n<\/div>\n<\/div>\n\n\n\n<div class=\"wp-block-columns is-layout-flex wp-container-core-columns-is-layout-9d6595d7 wp-block-columns-is-layout-flex\">\n<div class=\"wp-block-column is-layout-flow wp-block-column-is-layout-flow\">\n<div class=\"wp-block-cover has-background-dim\" style=\"background-color:#2260ff\"><img data-recalc-dims=\"1\" loading=\"lazy\" decoding=\"async\" width=\"880\" height=\"580\" class=\"wp-block-cover__image-background wp-image-101\" alt=\"\" src=\"https:\/\/i0.wp.com\/sistemasgcontrols.com\/sgcllc\/wp-content\/uploads\/2021\/03\/refineriabyw.png?resize=880%2C580&#038;ssl=1\" style=\"object-position:3% 56%\" data-object-fit=\"cover\" data-object-position=\"3% 56%\" srcset=\"https:\/\/i0.wp.com\/sistemasgcontrols.com\/sgcllc\/wp-content\/uploads\/2021\/03\/refineriabyw.png?w=919&amp;ssl=1 919w, https:\/\/i0.wp.com\/sistemasgcontrols.com\/sgcllc\/wp-content\/uploads\/2021\/03\/refineriabyw.png?resize=300%2C198&amp;ssl=1 300w, https:\/\/i0.wp.com\/sistemasgcontrols.com\/sgcllc\/wp-content\/uploads\/2021\/03\/refineriabyw.png?resize=768%2C506&amp;ssl=1 768w, https:\/\/i0.wp.com\/sistemasgcontrols.com\/sgcllc\/wp-content\/uploads\/2021\/03\/refineriabyw.png?resize=16%2C12&amp;ssl=1 16w\" sizes=\"auto, (max-width: 880px) 100vw, 880px\" \/><div class=\"wp-block-cover__inner-container is-layout-flow wp-block-cover-is-layout-flow\">\n<p class=\"has-text-align-center\" style=\"font-size:26px\"><a href=\"https:\/\/sistemasgcontrols.com\/sgcllc\/solutions\/#h2scan\" data-type=\"page\"><span class=\"has-inline-color has-white-color\">Hidr\u00f3geno<\/span><\/a><\/p>\n<\/div><\/div>\n<\/div>\n\n\n\n<div class=\"wp-block-column is-layout-flow wp-block-column-is-layout-flow\">\n<div class=\"wp-block-cover has-gray-background-color has-background-dim\"><img data-recalc-dims=\"1\" loading=\"lazy\" decoding=\"async\" width=\"320\" height=\"396\" class=\"wp-block-cover__image-background wp-image-105\" alt=\"\" src=\"https:\/\/i0.wp.com\/sistemasgcontrols.com\/sgcllc\/wp-content\/uploads\/2021\/03\/calgas.png?resize=320%2C396&#038;ssl=1\" style=\"object-position:15% 35%\" data-object-fit=\"cover\" data-object-position=\"15% 35%\" srcset=\"https:\/\/i0.wp.com\/sistemasgcontrols.com\/sgcllc\/wp-content\/uploads\/2021\/03\/calgas.png?w=320&amp;ssl=1 320w, https:\/\/i0.wp.com\/sistemasgcontrols.com\/sgcllc\/wp-content\/uploads\/2021\/03\/calgas.png?resize=242%2C300&amp;ssl=1 242w, https:\/\/i0.wp.com\/sistemasgcontrols.com\/sgcllc\/wp-content\/uploads\/2021\/03\/calgas.png?resize=10%2C12&amp;ssl=1 10w\" sizes=\"auto, (max-width: 320px) 100vw, 320px\" \/><div class=\"wp-block-cover__inner-container is-layout-flow wp-block-cover-is-layout-flow\">\n<p class=\"has-text-align-center\" style=\"font-size:26px\"><a href=\"https:\/\/sistemasgcontrols.com\/sgcllc\/solutions\/#calgas\" data-type=\"page\"><span class=\"has-inline-color has-white-color\">Gases de Calibraci\u00f3n<\/span><\/a><\/p>\n<\/div><\/div>\n<\/div>\n\n\n\n<div class=\"wp-block-column is-layout-flow wp-block-column-is-layout-flow\">\n<div class=\"wp-block-cover has-background-dim\" style=\"background-color:#ff0000\"><img data-recalc-dims=\"1\" loading=\"lazy\" decoding=\"async\" width=\"880\" height=\"653\" class=\"wp-block-cover__image-background wp-image-231\" alt=\"\" src=\"https:\/\/i0.wp.com\/sistemasgcontrols.com\/sgcllc\/wp-content\/uploads\/2021\/03\/boreallasbyn.jpg?resize=880%2C653&#038;ssl=1\" style=\"object-position:0% 49%\" data-object-fit=\"cover\" data-object-position=\"0% 49%\" srcset=\"https:\/\/i0.wp.com\/sistemasgcontrols.com\/sgcllc\/wp-content\/uploads\/2021\/03\/boreallasbyn.jpg?w=1024&amp;ssl=1 1024w, https:\/\/i0.wp.com\/sistemasgcontrols.com\/sgcllc\/wp-content\/uploads\/2021\/03\/boreallasbyn.jpg?resize=300%2C223&amp;ssl=1 300w, https:\/\/i0.wp.com\/sistemasgcontrols.com\/sgcllc\/wp-content\/uploads\/2021\/03\/boreallasbyn.jpg?resize=768%2C570&amp;ssl=1 768w, https:\/\/i0.wp.com\/sistemasgcontrols.com\/sgcllc\/wp-content\/uploads\/2021\/03\/boreallasbyn.jpg?resize=16%2C12&amp;ssl=1 16w\" sizes=\"auto, (max-width: 880px) 100vw, 880px\" \/><div class=\"wp-block-cover__inner-container is-layout-flow wp-block-cover-is-layout-flow\">\n<p class=\"has-text-align-center\" style=\"font-size:26px\"><a href=\"https:\/\/sistemasgcontrols.com\/sgcllc\/solutions\/#gasleak\" data-type=\"page\"><span class=\"has-inline-color has-white-color\">Fuga de Gases<\/span><\/a><\/p>\n<\/div><\/div>\n<\/div>\n\n\n\n<div class=\"wp-block-column is-layout-flow wp-block-column-is-layout-flow\">\n<div class=\"wp-block-cover has-background-dim\" style=\"background-color:#ff6900\"><img data-recalc-dims=\"1\" loading=\"lazy\" decoding=\"async\" width=\"880\" height=\"489\" class=\"wp-block-cover__image-background wp-image-219\" alt=\"\" src=\"https:\/\/i0.wp.com\/sistemasgcontrols.com\/sgcllc\/wp-content\/uploads\/2021\/03\/sunsetbnw.jpg?resize=880%2C489&#038;ssl=1\" style=\"object-position:56% 50%\" data-object-fit=\"cover\" data-object-position=\"56% 50%\" srcset=\"https:\/\/i0.wp.com\/sistemasgcontrols.com\/sgcllc\/wp-content\/uploads\/2021\/03\/sunsetbnw.jpg?w=1920&amp;ssl=1 1920w, https:\/\/i0.wp.com\/sistemasgcontrols.com\/sgcllc\/wp-content\/uploads\/2021\/03\/sunsetbnw.jpg?resize=300%2C167&amp;ssl=1 300w, https:\/\/i0.wp.com\/sistemasgcontrols.com\/sgcllc\/wp-content\/uploads\/2021\/03\/sunsetbnw.jpg?resize=1024%2C569&amp;ssl=1 1024w, https:\/\/i0.wp.com\/sistemasgcontrols.com\/sgcllc\/wp-content\/uploads\/2021\/03\/sunsetbnw.jpg?resize=768%2C427&amp;ssl=1 768w, https:\/\/i0.wp.com\/sistemasgcontrols.com\/sgcllc\/wp-content\/uploads\/2021\/03\/sunsetbnw.jpg?resize=1536%2C854&amp;ssl=1 1536w, https:\/\/i0.wp.com\/sistemasgcontrols.com\/sgcllc\/wp-content\/uploads\/2021\/03\/sunsetbnw.jpg?resize=16%2C9&amp;ssl=1 16w, https:\/\/i0.wp.com\/sistemasgcontrols.com\/sgcllc\/wp-content\/uploads\/2021\/03\/sunsetbnw.jpg?w=1760&amp;ssl=1 1760w\" sizes=\"auto, (max-width: 880px) 100vw, 880px\" \/><div class=\"wp-block-cover__inner-container is-layout-flow wp-block-cover-is-layout-flow\">\n<p class=\"has-text-align-center\" style=\"font-size:25px\"><a href=\"https:\/\/sistemasgcontrols.com\/sgcllc\/solutions\/#emission\" data-type=\"page\"><span class=\"has-inline-color has-white-color\">Emisi\u00f3n y Monitoreo Ambiental<\/span><\/a><\/p>\n<\/div><\/div>\n<\/div>\n<\/div>","protected":false},"excerpt":{"rendered":"<p>G Controls exclusively represents high-tech companies of instrumentation and process analyzers used in \u200b\u200bproduction and refining of Oil and Gas.<\/p>\n<p><a href=\"https:\/\/sistemasgcontrols.com\/sgcllc\/es\/\" class=\"more-link\">Continue reading<span class=\"screen-reader-text\">Inicio<\/span><\/a><\/p>","protected":false},"author":1,"featured_media":0,"parent":0,"menu_order":0,"comment_status":"closed","ping_status":"closed","template":"","meta":{"nf_dc_page":"","om_disable_all_campaigns":false,"_monsterinsights_skip_tracking":false,"_monsterinsights_sitenote_active":false,"_monsterinsights_sitenote_note":"","_monsterinsights_sitenote_category":0,"footnotes":""},"class_list":["post-28","page","type-page","status-publish","hentry"],"jetpack_sharing_enabled":true,"_links":{"self":[{"href":"https:\/\/sistemasgcontrols.com\/sgcllc\/es\/wp-json\/wp\/v2\/pages\/28","targetHints":{"allow":["GET"]}}],"collection":[{"href":"https:\/\/sistemasgcontrols.com\/sgcllc\/es\/wp-json\/wp\/v2\/pages"}],"about":[{"href":"https:\/\/sistemasgcontrols.com\/sgcllc\/es\/wp-json\/wp\/v2\/types\/page"}],"author":[{"embeddable":true,"href":"https:\/\/sistemasgcontrols.com\/sgcllc\/es\/wp-json\/wp\/v2\/users\/1"}],"replies":[{"embeddable":true,"href":"https:\/\/sistemasgcontrols.com\/sgcllc\/es\/wp-json\/wp\/v2\/comments?post=28"}],"version-history":[{"count":5,"href":"https:\/\/sistemasgcontrols.com\/sgcllc\/es\/wp-json\/wp\/v2\/pages\/28\/revisions"}],"predecessor-version":[{"id":294,"href":"https:\/\/sistemasgcontrols.com\/sgcllc\/es\/wp-json\/wp\/v2\/pages\/28\/revisions\/294"}],"wp:attachment":[{"href":"https:\/\/sistemasgcontrols.com\/sgcllc\/es\/wp-json\/wp\/v2\/media?parent=28"}],"curies":[{"name":"wp","href":"https:\/\/api.w.org\/{rel}","templated":true}]}}